{"id":6529,"date":"2025-07-03T20:09:52","date_gmt":"2025-07-03T18:09:52","guid":{"rendered":"https:\/\/lananguyen.com\/wedding\/?post_type=product&#038;p=6529"},"modified":"2026-05-15T17:20:42","modified_gmt":"2026-05-15T15:20:42","slug":"carla-classic-wedding-dress-sample-sale","status":"publish","type":"product","link":"https:\/\/lananguyen.com\/wedding\/product\/carla-classic-wedding-dress-sample-sale\/","title":{"rendered":"Carla Classic Wedding Dress Sample Sale"},"content":{"rendered":"<p>Ta suknia to model pokazowy w konkretnym rozmiarze i <b>u\u017cywany<\/b> podczas przymiarek z klientkami. Istnieje mo\u017cliwo\u015b\u0107 wykonania poprawek i dopasowania rozmiaru za dodatkow\u0105 op\u0142at\u0105 oraz um\u00f3wienia przymiarki w naszym atelier w Warszawie.<\/p>\n<p>Promocja obowi\u0105zuje tylko do<strong> 24.05.2026\u00a0<\/strong><b> i nie podlega zwrotowi<\/b> \/ Przed wysy\u0142k\u0105 suknia zostanie profesjonalnie wyczyszczona chemicznie. Mo\u017cliwo\u015b\u0107 przymierzenia w Warszawie.<\/p>\n<p>_<\/p>\n<p data-start=\"85\" data-end=\"367\">This item is a sample dress used during client fittings. Each season, we create a new sample to ensure the perfect fit and design. This dress is a regular size and has been gently worn during fittings. <strong>Please note that all sample sale items are final sale, with no returns accepted.<\/strong><\/p>\n<p data-start=\"369\" data-end=\"649\">Before shipping, the dress will be professionally dry cleaned to ensure it arrives in excellent condition. If you require alterations, we offer the possibility of making adjustments for an additional fee. Please feel free to reach out to us with any questions or special requests.<\/p>\n<p data-start=\"651\" data-end=\"877\" data-is-last-node=\"\" data-is-only-node=\"\">Enjoy exclusive access to our seasonal designs at a special price through our sample sale!<br data-start=\"741\" data-end=\"744\" \/><strong>You can also book an appointment to try on this sample in our Warsaw atelier.<\/strong><br data-start=\"821\" data-end=\"824\" \/>The promotion is available only until <strong data-start=\"862\" data-end=\"876\">31.12.2025<\/strong>.<\/p>\n<p data-start=\"651\" data-end=\"877\" data-is-last-node=\"\" data-is-only-node=\"\"><span style=\"font-family: var(--body-font-family),sans-serif; font-size: 1.125rem;\">_<\/span><\/p>\n<ul>\n<li><span style=\"font-weight: 400;\">Boho style gown<\/span><\/li>\n<li><span style=\"font-weight: 400;\">Classic cut, well\u2013fitted to the body<\/span><\/li>\n<li><span style=\"font-weight: 400;\">Additionally, a separate, detachable organza skirt<\/span><\/li>\n<\/ul>\n<p><span style=\"font-weight: 400;\">All wedding dresses are tailor-made from the very beginning in the designer\u2019s atelier placed in the heart of Warsaw. Here you can try on all of the pieces from every collection and see what you feel best in. You also have the possibility to modify specific designs \u2013 reducing the neckline, changing the length, adding shoulder pads is not a problem for us. Additionally, you can decide which fabric (among a wide range) your dress will be made off.<\/span><\/p>\n<p><span style=\"font-weight: 400;\">On special request, Lana Nguyen can create an original, individual and unique wedding dress of your dream.<\/span><\/p>\n<p><span style=\"font-weight: 400;\">The final price of the dress depends on the final choice of design, fabric and modifications.<\/span><\/p>\n","protected":false},"excerpt":{"rendered":"<p>Ta suknia to model pokazowy w konkretnym rozmiarze i u\u017cywany podczas przymiarek z klientkami. Istnieje mo\u017cliwo\u015b\u0107 wykonania poprawek i dopasowania rozmiaru za dodatkow\u0105 op\u0142at\u0105 oraz um\u00f3wienia przymiarki w naszym atelier w Warszawie. Promocja obowi\u0105zuje tylko do 24.05.2026\u00a0 i nie podlega zwrotowi \/ Przed wysy\u0142k\u0105 suknia zostanie profesjonalnie wyczyszczona chemicznie. Mo\u017cliwo\u015b\u0107 przymierzenia w Warszawie. _ This [&hellip;]<\/p>\n","protected":false},"featured_media":5108,"comment_status":"closed","ping_status":"closed","template":"","meta":{"_acf_changed":false,"_jf_schedule_form":""},"product_cat":[6162,6516,6120,6160],"product_tag":[],"class_list":{"0":"post-6529","1":"product","2":"type-product","3":"status-publish","4":"has-post-thumbnail","6":"product_cat-style","7":"product_cat-sample-sale","8":"product_cat-wedding","9":"product_cat-wedding-dresses","11":"first","12":"instock","13":"sale","14":"taxable","15":"shipping-taxable","16":"purchasable","17":"product-type-variable","18":"has-default-attributes","swatches":"rey-swatches","show_selected":""},"acf":[],"lang":"en-gb","translations":{"en-gb":6529},"pll_sync_post":[],"_links":{"self":[{"href":"https:\/\/lananguyen.com\/wedding\/wp-json\/wp\/v2\/product\/6529","targetHints":{"allow":["GET"]}}],"collection":[{"href":"https:\/\/lananguyen.com\/wedding\/wp-json\/wp\/v2\/product"}],"about":[{"href":"https:\/\/lananguyen.com\/wedding\/wp-json\/wp\/v2\/types\/product"}],"replies":[{"embeddable":true,"href":"https:\/\/lananguyen.com\/wedding\/wp-json\/wp\/v2\/comments?post=6529"}],"wp:featuredmedia":[{"embeddable":true,"href":"https:\/\/lananguyen.com\/wedding\/wp-json\/wp\/v2\/media\/5108"}],"wp:attachment":[{"href":"https:\/\/lananguyen.com\/wedding\/wp-json\/wp\/v2\/media?parent=6529"}],"wp:term":[{"taxonomy":"product_cat","embeddable":true,"href":"https:\/\/lananguyen.com\/wedding\/wp-json\/wp\/v2\/product_cat?post=6529"},{"taxonomy":"product_tag","embeddable":true,"href":"https:\/\/lananguyen.com\/wedding\/wp-json\/wp\/v2\/product_tag?post=6529"}],"curies":[{"name":"wp","href":"https:\/\/api.w.org\/{rel}","templated":true}]}}