{"id":5185,"date":"2024-06-21T21:42:27","date_gmt":"2024-06-21T19:42:27","guid":{"rendered":"https:\/\/lananguyen.com\/wedding\/?post_type=product&#038;p=5185"},"modified":"2026-03-17T13:12:11","modified_gmt":"2026-03-17T12:12:11","slug":"fairytale-tulle-dress-sample-sale","status":"publish","type":"product","link":"https:\/\/lananguyen.com\/wedding\/product\/fairytale-tulle-dress-sample-sale\/","title":{"rendered":"Fairytale Tulle Dress Sample Sale"},"content":{"rendered":"<p data-start=\"85\" data-end=\"367\">This item is a sample dress used during client fittings. Each season, we create a new sample to ensure the perfect fit and design. This dress is a regular size and has been gently worn during fittings. <strong>Please note that all sample sale items are final sale, with no returns accepted.<\/strong><\/p>\n<p data-start=\"369\" data-end=\"649\">\n<p>Ta suknia to model pokazowy w konkretnym rozmiarze i <b>u\u017cywany<\/b> podczas przymiarek z klientkami. Istnieje mo\u017cliwo\u015b\u0107 wykonania poprawek i dopasowania rozmiaru za dodatkow\u0105 op\u0142at\u0105 oraz um\u00f3wienia przymiarki w naszym atelier w Warszawie <a href=\"https:\/\/cal.com\/lananguyen\/sample-sale?overlayCalendar=true\" target=\"_blank\" rel=\"noopener\">tutaj.<\/a><\/p>\n<p>Promocja obowi\u0105zuje tylko do <strong>8.03.2026<\/strong>\u00a0<strong> i nie podlega zwrotowi<\/strong> \/ Przed wysy\u0142k\u0105 suknia zostanie profesjonalnie wyczyszczona chemicznie.<\/p>\n<p>_<\/p>\n<p data-start=\"369\" data-end=\"649\">Before shipping, the dress will be professionally dry cleaned to ensure it arrives in excellent condition. If you require alterations, we offer the possibility of making adjustments for an additional fee. Please feel free to reach out to us with any questions or special requests.<\/p>\n<p>&#8211;<\/p>\n<ul>\n<li>Cocktail tulle dress<\/li>\n<li>Asymmetrical bottom: a short and a long skirt<\/li>\n<li>Ruffle sleeve<\/li>\n<\/ul>\n<p>Possibility to sew in a different color<\/p>\n<p>The product is only available as a made-to-measure option. After placing your order, we will contact you and help you measure your body. You can also visit us at the atelier in Warsaw and then Lana or our tailors will measure you personally.<\/p>\n<p>A tailor-made product in accordance with law is not returnable. After receiving the order, corrections within the design are still possible in order to adjust the product to the customer\u2019s figure.<\/p>\n<p>Only prepaid orders will be processed.<\/p>\n","protected":false},"excerpt":{"rendered":"<p>This item is a sample dress used during client fittings. Each season, we create a new sample to ensure the perfect fit and design. This dress is a regular size and has been gently worn during fittings. Please note that all sample sale items are final sale, with no returns accepted. Ta suknia to model [&hellip;]<\/p>\n","protected":false},"featured_media":6388,"comment_status":"closed","ping_status":"closed","template":"","meta":{"_acf_changed":false,"_jf_schedule_form":""},"product_cat":[6158,6182,6134,6138,6188,6154,6148,6150,6146,6156,6516,6152],"product_tag":[],"class_list":{"0":"post-5185","1":"product","2":"type-product","3":"status-publish","4":"has-post-thumbnail","6":"product_cat-bachelorette-party","7":"product_cat-beige","8":"product_cat-cocktail-dresses","9":"product_cat-colours","10":"product_cat-dresses","11":"product_cat-engagement-party","12":"product_cat-for-bridesmaids","13":"product_cat-improvements","14":"product_cat-occasions","15":"product_cat-prom","16":"product_cat-sample-sale","17":"product_cat-wedding-receptions","19":"first","20":"outofstock","21":"sale","22":"taxable","23":"shipping-taxable","24":"purchasable","25":"product-type-variable","26":"has-default-attributes","swatches":"rey-swatches","show_selected":""},"acf":[],"lang":"en-gb","translations":{"en-gb":5185},"pll_sync_post":[],"_links":{"self":[{"href":"https:\/\/lananguyen.com\/wedding\/wp-json\/wp\/v2\/product\/5185","targetHints":{"allow":["GET"]}}],"collection":[{"href":"https:\/\/lananguyen.com\/wedding\/wp-json\/wp\/v2\/product"}],"about":[{"href":"https:\/\/lananguyen.com\/wedding\/wp-json\/wp\/v2\/types\/product"}],"replies":[{"embeddable":true,"href":"https:\/\/lananguyen.com\/wedding\/wp-json\/wp\/v2\/comments?post=5185"}],"wp:featuredmedia":[{"embeddable":true,"href":"https:\/\/lananguyen.com\/wedding\/wp-json\/wp\/v2\/media\/6388"}],"wp:attachment":[{"href":"https:\/\/lananguyen.com\/wedding\/wp-json\/wp\/v2\/media?parent=5185"}],"wp:term":[{"taxonomy":"product_cat","embeddable":true,"href":"https:\/\/lananguyen.com\/wedding\/wp-json\/wp\/v2\/product_cat?post=5185"},{"taxonomy":"product_tag","embeddable":true,"href":"https:\/\/lananguyen.com\/wedding\/wp-json\/wp\/v2\/product_tag?post=5185"}],"curies":[{"name":"wp","href":"https:\/\/api.w.org\/{rel}","templated":true}]}}