{"id":5180,"date":"2024-06-21T21:42:26","date_gmt":"2024-06-21T19:42:26","guid":{"rendered":"https:\/\/lananguyen.com\/wedding\/?post_type=product&#038;p=5180"},"modified":"2026-03-04T12:42:10","modified_gmt":"2026-03-04T11:42:10","slug":"maxi-waves-dress-beige","status":"publish","type":"product","link":"https:\/\/lananguyen.com\/wedding\/product\/maxi-waves-dress-beige\/","title":{"rendered":"Maxi Waves Dress &#8211; Beige Sample Sale"},"content":{"rendered":"<p>Ta suknia to model pokazowy w konkretnym rozmiarze i <b>u\u017cywany<\/b> podczas przymiarek z klientkami. Istnieje mo\u017cliwo\u015b\u0107 wykonania poprawek i dopasowania rozmiaru za dodatkow\u0105 op\u0142at\u0105 oraz um\u00f3wienia przymiarki w naszym atelier w Warszawie <a href=\"https:\/\/cal.com\/lananguyen\/sample-sale?overlayCalendar=true\" target=\"_blank\" rel=\"noopener\">tutaj.<\/a><\/p>\n<p>Promocja obowi\u0105zuje tylko do <strong>8.03.2026<\/strong>\u00a0<strong> i nie podlega zwrotowi<\/strong> \/ Przed wysy\u0142k\u0105 suknia zostanie profesjonalnie wyczyszczona chemicznie.<\/p>\n<p>_<\/p>\n<p data-start=\"85\" data-end=\"367\">This item is a sample dress used during client fittings. Each season, we create a new sample to ensure the perfect fit and design. This dress is a regular size and has been gently worn during fittings. <strong>Please note that all sample sale items are final sale, with no returns accepted.<\/strong><\/p>\n<p data-start=\"369\" data-end=\"649\">Before shipping, the dress will be professionally dry cleaned to ensure it arrives in excellent condition. If you require alterations, we offer the possibility of making adjustments for an additional fee. Please feel free to reach out to us with any questions or special requests.<\/p>\n<p data-start=\"651\" data-end=\"877\" data-is-last-node=\"\" data-is-only-node=\"\">_<\/p>\n<p>The <strong>Maxi Waves Beige Dress<\/strong> is a stunning example of sexy and romantic style, adorned with hand-crafted details that make it a true work of art. Made from delicate tulle, each dress is meticulously sewn with unique, hand-cut waves that give it an unparalleled charm. This is our iconic bestseller, perfect for various occasions.<\/p>\n<p><strong>Details:<\/strong><\/p>\n<ul>\n<li><strong>Straps: <\/strong>Adjustable straps ensure a perfect fit.<\/li>\n<li><strong>Lining: <\/strong>The top part of the dress is unlined, making it lighter. Upon request, we can also make the dress with lining on the top \u2013 contact us for more details.<\/li>\n<li><strong>Custom Tailoring<\/strong>: We offer the option to have the dress custom-made at no extra charge.<\/li>\n<li><strong>Color options<\/strong>: Available in white and beige<\/li>\n<\/ul>\n","protected":false},"excerpt":{"rendered":"<p>Ta suknia to model pokazowy w konkretnym rozmiarze i u\u017cywany podczas przymiarek z klientkami. Istnieje mo\u017cliwo\u015b\u0107 wykonania poprawek i dopasowania rozmiaru za dodatkow\u0105 op\u0142at\u0105 oraz um\u00f3wienia przymiarki w naszym atelier w Warszawie tutaj. Promocja obowi\u0105zuje tylko do 8.03.2026\u00a0 i nie podlega zwrotowi \/ Przed wysy\u0142k\u0105 suknia zostanie profesjonalnie wyczyszczona chemicznie. _ This item is a [&hellip;]<\/p>\n","protected":false},"featured_media":4942,"comment_status":"closed","ping_status":"closed","template":"","meta":{"_acf_changed":false,"_jf_schedule_form":""},"product_cat":[6182,6162,6180,6516,6172,6166,6120,6160],"product_tag":[],"class_list":{"0":"post-5180","1":"product","2":"type-product","3":"status-publish","4":"has-post-thumbnail","6":"product_cat-beige","7":"product_cat-style","8":"product_cat-modern","9":"product_cat-sample-sale","10":"product_cat-simple","11":"product_cat-style-wedding-dresses","12":"product_cat-wedding","13":"product_cat-wedding-dresses","15":"first","16":"instock","17":"sale","18":"taxable","19":"shipping-taxable","20":"purchasable","21":"product-type-variable","swatches":"rey-swatches","show_selected":""},"acf":[],"lang":"en-gb","translations":{"en-gb":5180},"pll_sync_post":[],"_links":{"self":[{"href":"https:\/\/lananguyen.com\/wedding\/wp-json\/wp\/v2\/product\/5180","targetHints":{"allow":["GET"]}}],"collection":[{"href":"https:\/\/lananguyen.com\/wedding\/wp-json\/wp\/v2\/product"}],"about":[{"href":"https:\/\/lananguyen.com\/wedding\/wp-json\/wp\/v2\/types\/product"}],"replies":[{"embeddable":true,"href":"https:\/\/lananguyen.com\/wedding\/wp-json\/wp\/v2\/comments?post=5180"}],"wp:featuredmedia":[{"embeddable":true,"href":"https:\/\/lananguyen.com\/wedding\/wp-json\/wp\/v2\/media\/4942"}],"wp:attachment":[{"href":"https:\/\/lananguyen.com\/wedding\/wp-json\/wp\/v2\/media?parent=5180"}],"wp:term":[{"taxonomy":"product_cat","embeddable":true,"href":"https:\/\/lananguyen.com\/wedding\/wp-json\/wp\/v2\/product_cat?post=5180"},{"taxonomy":"product_tag","embeddable":true,"href":"https:\/\/lananguyen.com\/wedding\/wp-json\/wp\/v2\/product_tag?post=5180"}],"curies":[{"name":"wp","href":"https:\/\/api.w.org\/{rel}","templated":true}]}}