{"id":5168,"date":"2024-06-21T21:42:14","date_gmt":"2024-06-21T19:42:14","guid":{"rendered":"https:\/\/lananguyen.com\/wedding\/?post_type=product&#038;p=5168"},"modified":"2026-03-04T12:37:29","modified_gmt":"2026-03-04T11:37:29","slug":"the-queen-dress-matcha","status":"publish","type":"product","link":"https:\/\/lananguyen.com\/wedding\/product\/the-queen-dress-matcha\/","title":{"rendered":"The Queen Dress &#8211; Matcha"},"content":{"rendered":"<p>Ta suknia to model pokazowy w konkretnym rozmiarze i <b>u\u017cywany<\/b> podczas przymiarek z klientkami. Istnieje mo\u017cliwo\u015b\u0107 wykonania poprawek i dopasowania rozmiaru za dodatkow\u0105 op\u0142at\u0105 oraz um\u00f3wienia przymiarki w naszym atelier w Warszawie <a href=\"https:\/\/cal.com\/lananguyen\/sample-sale?overlayCalendar=true\" target=\"_blank\" rel=\"noopener\">tutaj.<\/a><\/p>\n<p>Promocja obowi\u0105zuje tylko do <strong>8.03.2026<\/strong>\u00a0<strong> i nie podlega zwrotowi<\/strong> \/ Przed wysy\u0142k\u0105 suknia zostanie profesjonalnie wyczyszczona chemicznie.<\/p>\n<p>_<\/p>\n<p data-start=\"85\" data-end=\"367\">This item is a sample dress used during client fittings. Each season, we create a new sample to ensure the perfect fit and design. This dress is a regular size and has been gently worn during fittings. <strong>Please note that all sample sale items are final sale, with no returns accepted.<\/strong><\/p>\n<p data-start=\"369\" data-end=\"649\">Before shipping, the dress will be professionally dry cleaned to ensure it arrives in excellent condition. If you require alterations, we offer the possibility of making adjustments for an additional fee. Please feel free to reach out to us with any questions or special requests.<\/p>\n<p data-start=\"651\" data-end=\"877\" data-is-last-node=\"\" data-is-only-node=\"\">\n<p>Maxi dress length<\/p>\n<ul>\n<li>Perfect for cocktail evenings<\/li>\n<li>Open \u2013 back in V shape<\/li>\n<li>Natural pearls<\/li>\n<li>The model is 178cm tall<\/li>\n<\/ul>\n","protected":false},"excerpt":{"rendered":"<p>Ta suknia to model pokazowy w konkretnym rozmiarze i u\u017cywany podczas przymiarek z klientkami. Istnieje mo\u017cliwo\u015b\u0107 wykonania poprawek i dopasowania rozmiaru za dodatkow\u0105 op\u0142at\u0105 oraz um\u00f3wienia przymiarki w naszym atelier w Warszawie tutaj. Promocja obowi\u0105zuje tylko do 8.03.2026\u00a0 i nie podlega zwrotowi \/ Przed wysy\u0142k\u0105 suknia zostanie profesjonalnie wyczyszczona chemicznie. _ This item is a [&hellip;]<\/p>\n","protected":false},"featured_media":4979,"comment_status":"closed","ping_status":"closed","template":"","meta":{"_acf_changed":false,"_jf_schedule_form":""},"product_cat":[6516,6134,6138,6188,6154,6148,6144,6150,6146,6156,6152],"product_tag":[],"class_list":{"0":"post-5168","1":"product","2":"type-product","3":"status-publish","4":"has-post-thumbnail","6":"product_cat-sample-sale","7":"product_cat-cocktail-dresses","8":"product_cat-colours","9":"product_cat-dresses","10":"product_cat-engagement-party","11":"product_cat-for-bridesmaids","12":"product_cat-green","13":"product_cat-improvements","14":"product_cat-occasions","15":"product_cat-prom","16":"product_cat-wedding-receptions","18":"first","19":"instock","20":"sale","21":"taxable","22":"shipping-taxable","23":"purchasable","24":"product-type-variable","25":"has-default-attributes","swatches":"rey-swatches","show_selected":""},"acf":[],"lang":"en-gb","translations":{"en-gb":5168},"pll_sync_post":[],"_links":{"self":[{"href":"https:\/\/lananguyen.com\/wedding\/wp-json\/wp\/v2\/product\/5168","targetHints":{"allow":["GET"]}}],"collection":[{"href":"https:\/\/lananguyen.com\/wedding\/wp-json\/wp\/v2\/product"}],"about":[{"href":"https:\/\/lananguyen.com\/wedding\/wp-json\/wp\/v2\/types\/product"}],"replies":[{"embeddable":true,"href":"https:\/\/lananguyen.com\/wedding\/wp-json\/wp\/v2\/comments?post=5168"}],"wp:featuredmedia":[{"embeddable":true,"href":"https:\/\/lananguyen.com\/wedding\/wp-json\/wp\/v2\/media\/4979"}],"wp:attachment":[{"href":"https:\/\/lananguyen.com\/wedding\/wp-json\/wp\/v2\/media?parent=5168"}],"wp:term":[{"taxonomy":"product_cat","embeddable":true,"href":"https:\/\/lananguyen.com\/wedding\/wp-json\/wp\/v2\/product_cat?post=5168"},{"taxonomy":"product_tag","embeddable":true,"href":"https:\/\/lananguyen.com\/wedding\/wp-json\/wp\/v2\/product_tag?post=5168"}],"curies":[{"name":"wp","href":"https:\/\/api.w.org\/{rel}","templated":true}]}}