{"id":5153,"date":"2024-06-21T21:42:13","date_gmt":"2024-06-21T19:42:13","guid":{"rendered":"https:\/\/lananguyen.com\/wedding\/?post_type=product&#038;p=5153"},"modified":"2026-03-04T12:40:16","modified_gmt":"2026-03-04T11:40:16","slug":"evelyn-wedding-dress-sample-sale","status":"publish","type":"product","link":"https:\/\/lananguyen.com\/wedding\/product\/evelyn-wedding-dress-sample-sale\/","title":{"rendered":"Evelyn Wedding Dress Sample Sale"},"content":{"rendered":"<p>Ta suknia to model pokazowy w konkretnym rozmiarze i <b>u\u017cywany<\/b> podczas przymiarek z klientkami. Istnieje mo\u017cliwo\u015b\u0107 wykonania poprawek i dopasowania rozmiaru za dodatkow\u0105 op\u0142at\u0105 oraz um\u00f3wienia przymiarki w naszym atelier w Warszawie <a href=\"https:\/\/cal.com\/lananguyen\/sample-sale?overlayCalendar=true\" target=\"_blank\" rel=\"noopener\">tutaj.<\/a><\/p>\n<p>Promocja obowi\u0105zuje tylko do <strong>8.03.2026<\/strong>\u00a0<strong> i nie podlega zwrotowi<\/strong> \/ Przed wysy\u0142k\u0105 suknia zostanie profesjonalnie wyczyszczona chemicznie. UWAGA: sukienka sprzedawana jest bez halki.<\/p>\n<p>_<\/p>\n<p data-start=\"85\" data-end=\"367\">This item is a sample dress used during client fittings. Each season, we create a new sample to ensure the perfect fit and design. This dress is a regular size and has been gently worn during fittings. <strong>Please note that all sample sale items are final sale, with no returns accepted.<\/strong><\/p>\n<p data-start=\"369\" data-end=\"649\">Before shipping, the dress will be professionally dry cleaned to ensure it arrives in excellent condition. If you require alterations, we offer the possibility of making adjustments for an additional fee. Please feel free to reach out to us with any questions or special requests.<\/p>\n<p>&#8211;<\/p>\n<ul>\n<li>Polka dots tulle gown<\/li>\n<li>1920s style<\/li>\n<li>Flared skirt with gussets<\/li>\n<li>Lace petticoat<\/li>\n<li>Please be aware that <strong data-start=\"369\" data-end=\"437\">the listing includes the dress only \u2014 the lining is not included<\/strong>.<\/li>\n<\/ul>\n<p>All wedding dresses are tailor-made from the very beginning in the designer\u2019s atelier placed in the heart of Warsaw. Here you can try on all of the pieces from every collection and see what you feel best in. You also have the possibility to modify specific designs \u2013 reducing the neckline, changing the length, adding shoulder pads is not a problem for us. Additionally, you can decide which fabric (among a wide range) your dress will be made off.<\/p>\n<p>On special request, Lana Nguyen can create an original, individual and unique wedding dress of your dream.<\/p>\n<p>The final price of the dress depends on the final choice of design, fabric and modifications.<\/p>\n","protected":false},"excerpt":{"rendered":"<p>Ta suknia to model pokazowy w konkretnym rozmiarze i u\u017cywany podczas przymiarek z klientkami. Istnieje mo\u017cliwo\u015b\u0107 wykonania poprawek i dopasowania rozmiaru za dodatkow\u0105 op\u0142at\u0105 oraz um\u00f3wienia przymiarki w naszym atelier w Warszawie tutaj. Promocja obowi\u0105zuje tylko do 8.03.2026\u00a0 i nie podlega zwrotowi \/ Przed wysy\u0142k\u0105 suknia zostanie profesjonalnie wyczyszczona chemicznie. UWAGA: sukienka sprzedawana jest bez [&hellip;]<\/p>\n","protected":false},"featured_media":5132,"comment_status":"closed","ping_status":"closed","template":"","meta":{"_acf_changed":false,"_jf_schedule_form":""},"product_cat":[6162,6516,6120,6160],"product_tag":[],"class_list":{"0":"post-5153","1":"product","2":"type-product","3":"status-publish","4":"has-post-thumbnail","6":"product_cat-style","7":"product_cat-sample-sale","8":"product_cat-wedding","9":"product_cat-wedding-dresses","11":"first","12":"instock","13":"sale","14":"taxable","15":"shipping-taxable","16":"purchasable","17":"product-type-variable","18":"has-default-attributes","swatches":"rey-swatches","show_selected":""},"acf":[],"lang":"en-gb","translations":{"en-gb":5153},"pll_sync_post":[],"_links":{"self":[{"href":"https:\/\/lananguyen.com\/wedding\/wp-json\/wp\/v2\/product\/5153","targetHints":{"allow":["GET"]}}],"collection":[{"href":"https:\/\/lananguyen.com\/wedding\/wp-json\/wp\/v2\/product"}],"about":[{"href":"https:\/\/lananguyen.com\/wedding\/wp-json\/wp\/v2\/types\/product"}],"replies":[{"embeddable":true,"href":"https:\/\/lananguyen.com\/wedding\/wp-json\/wp\/v2\/comments?post=5153"}],"wp:featuredmedia":[{"embeddable":true,"href":"https:\/\/lananguyen.com\/wedding\/wp-json\/wp\/v2\/media\/5132"}],"wp:attachment":[{"href":"https:\/\/lananguyen.com\/wedding\/wp-json\/wp\/v2\/media?parent=5153"}],"wp:term":[{"taxonomy":"product_cat","embeddable":true,"href":"https:\/\/lananguyen.com\/wedding\/wp-json\/wp\/v2\/product_cat?post=5153"},{"taxonomy":"product_tag","embeddable":true,"href":"https:\/\/lananguyen.com\/wedding\/wp-json\/wp\/v2\/product_tag?post=5153"}],"curies":[{"name":"wp","href":"https:\/\/api.w.org\/{rel}","templated":true}]}}